{"id":803284,"date":"2026-03-12T00:34:37","date_gmt":"2026-03-12T04:34:37","guid":{"rendered":"https:\/\/www.nsintermarket.com\/?page_id=803284"},"modified":"2026-04-15T17:45:31","modified_gmt":"2026-04-15T21:45:31","slug":"flexeserve","status":"publish","type":"page","link":"https:\/\/www.nsintermarket.com\/es\/manufacturers\/equipment\/flexeserve\/","title":{"rendered":"Flexeserve"},"content":{"rendered":"<div class=\"et_pb_section_0 et_pb_section et_section_regular et_flex_section\">\n<div class=\"et_pb_row_0 et_pb_row et_flex_row\">\n<div class=\"et_pb_column_0 et_pb_column et-last-child et_flex_column et_pb_css_mix_blend_mode_passthrough et_flex_column_24_24 et_flex_column_24_24_tablet et_flex_column_24_24_phone\">\n<div class=\"et_pb_text_0 et_pb_text et_pb_bg_layout_light et_pb_module et_flex_module\"><div class=\"et_pb_text_inner\"><h1>Flexeserve<\/h1>\n<\/div><\/div>\n\n<div class=\"et_pb_module et_pb_button_module_wrapper et_pb_button_0_wrapper\"><a class=\"et_pb_button_0 et_pb_button et_pb_bg_layout_dark et_pb_module et_flex_module\" href=\"https:\/\/www.nsintermarket.com\/es\/contact\/\">Solicitar Informaci\u00f3n<\/a><\/div>\n<\/div>\n<\/div>\n<\/div>\n\n<div class=\"et_pb_section_1 et_pb_section et_section_regular et_flex_section\">\n<div class=\"et_pb_row_1 et_pb_row et_flex_row\">\n<div class=\"et_pb_column_1 et_pb_column et_flex_column et_pb_css_mix_blend_mode_passthrough et_flex_column_16_24 et_flex_column_3_5_tablet et_flex_column_24_24_phone\">\n<div class=\"et_pb_image_0 et_pb_image et_pb_module et_flex_module\"><span class=\"et_pb_image_wrap\"><img loading=\"lazy\" decoding=\"async\" src=\"https:\/\/www.nsintermarket.com\/wp-content\/uploads\/Flexeserve-logo.png\" title=\"Flexeserve-logo\" width=\"438\" height=\"126\" srcset=\"https:\/\/www.nsintermarket.com\/wp-content\/uploads\/Flexeserve-logo.png 438w, https:\/\/www.nsintermarket.com\/wp-content\/uploads\/Flexeserve-logo-300x86.png 300w\" sizes=\"(max-width: 438px) 100vw, 438px\" class=\"wp-image-803181\" \/><\/span><\/div>\n\n<div class=\"et_pb_text_1 et_pb_text et_pb_bg_layout_light et_pb_module et_flex_module\"><div class=\"et_pb_text_inner\"><p><span style=\"font-weight: 400;\"><a href=\"https:\/\/www.flexeserve.com\/en-us\/\"><strong>Flexeserve<\/strong><\/a> es un l\u00edder mundial con sede en el Reino Unido en tecnolog\u00eda de mantenimiento en caliente, especializado en el <strong>\"grab-and-go\"<\/strong> y el sector de la comida para llevar. Con sede en Hinckley, Reino Unido, y una importante base en Estados Unidos en Southlake, Texas, la empresa ha revolucionado la forma en que se exhiben y venden los alimentos calientes, centr\u00e1ndose en mantener la calidad de \"reci\u00e9n horneado\" durante horas en lugar de minutos.<\/span><\/p>\n<\/div><\/div>\n<\/div>\n\n<div class=\"et_pb_column_2 et_pb_column et-last-child et_flex_column et_pb_css_mix_blend_mode_passthrough et_flex_column_8_24 et_flex_column_3_5_tablet et_flex_column_24_24_phone\">\n<div class=\"et_pb_image_1 et_pb_image et_pb_module et_flex_module\"><span class=\"et_pb_image_wrap\"><img loading=\"lazy\" decoding=\"async\" src=\"https:\/\/www.nsintermarket.com\/wp-content\/uploads\/MAPA-UBICACIONES.png\" title=\"MAPA-UBICACIONES\" width=\"1080\" height=\"1080\" srcset=\"https:\/\/www.nsintermarket.com\/wp-content\/uploads\/MAPA-UBICACIONES.png 1080w, https:\/\/www.nsintermarket.com\/wp-content\/uploads\/MAPA-UBICACIONES-980x980.png 980w, https:\/\/www.nsintermarket.com\/wp-content\/uploads\/MAPA-UBICACIONES-480x480.png 480w\" sizes=\"(min-width: 0px) and (max-width: 480px) 480px, (min-width: 481px) and (max-width: 980px) 980px, (min-width: 981px) 1080px, 100vw\" class=\"wp-image-803166\" \/><\/span><\/div>\n<\/div>\n<\/div>\n\n<div class=\"et_pb_row_2 et_pb_row et_flex_row et_clickable\">\n<div class=\"et_pb_column_3 et_pb_column et_flex_column et_pb_css_mix_blend_mode_passthrough et_flex_column_8_24 et_flex_column_8_24_tablet et_flex_column_24_24_phone\">\n<div class=\"et_pb_video_0 et_pb_video et_pb_module et_flex_module\"><div class=\"et_pb_video_box\"><iframe loading=\"lazy\" title=\"Flexeserve&#039;s Unique Technology\" width=\"1080\" height=\"608\" src=\"https:\/\/www.youtube.com\/embed\/0dP8p-0VOCw?feature=oembed\"  allow=\"accelerometer; autoplay; clipboard-write; encrypted-media; gyroscope; picture-in-picture; web-share\" referrerpolicy=\"strict-origin-when-cross-origin\" allowfullscreen><\/iframe><\/div><\/div>\n<\/div>\n\n<div class=\"et_pb_column_4 et_pb_column et_flex_column et_pb_css_mix_blend_mode_passthrough et_flex_column_8_24 et_flex_column_8_24_tablet et_flex_column_24_24_phone\">\n<div class=\"et_pb_video_1 et_pb_video et_pb_module et_flex_module\"><div class=\"et_pb_video_box\"><iframe loading=\"lazy\" title=\"Flexeserve Solution\" width=\"1080\" height=\"608\" src=\"https:\/\/www.youtube.com\/embed\/L-Oic62VTZg?feature=oembed\"  allow=\"accelerometer; autoplay; clipboard-write; encrypted-media; gyroscope; picture-in-picture; web-share\" referrerpolicy=\"strict-origin-when-cross-origin\" allowfullscreen><\/iframe><\/div><\/div>\n<\/div>\n\n<div class=\"et_pb_column_5 et_pb_column et-last-child et_flex_column et_pb_css_mix_blend_mode_passthrough et_flex_column_8_24 et_flex_column_8_24_tablet et_flex_column_24_24_phone\">\n<div class=\"et_pb_video_2 et_pb_video et_pb_module et_flex_module\"><div class=\"et_pb_video_box\"><iframe loading=\"lazy\" title=\"What is Flexeserve Zone? - True hot-holding for every day part\" width=\"1080\" height=\"608\" src=\"https:\/\/www.youtube.com\/embed\/uYsAmFY_tNM?feature=oembed\"  allow=\"accelerometer; autoplay; clipboard-write; encrypted-media; gyroscope; picture-in-picture; web-share\" referrerpolicy=\"strict-origin-when-cross-origin\" allowfullscreen><\/iframe><\/div><\/div>\n<\/div>\n<\/div>\n<\/div>\n\n<div class=\"et_pb_section_2 et_pb_section et_section_regular et_flex_section\">\n<div class=\"et_pb_row_3 et_pb_row et_flex_row\">\n<div class=\"et_pb_column_6 et_pb_column et-last-child et_flex_column et_pb_css_mix_blend_mode_passthrough et_flex_column_18_24 et_flex_column_18_24_tablet et_flex_column_18_24_phone\">\n<div class=\"et_pb_text_2 et_pb_text et_pb_bg_layout_light et_animated et_pb_module et_flex_module\"><div class=\"et_pb_text_inner\"><h2>Qu\u00e9 les hace<span class=\"nexus-color1\">\u00a0 <span style=\"color: #64ccc6;\">destacar<\/span><\/span><\/h2>\n<\/div><\/div>\n\n<div class=\"et_pb_text_3 et_pb_text et_pb_bg_layout_light et_pb_module et_flex_module\"><div class=\"et_pb_text_inner\"><p><span style=\"font-weight: 400;\">Flexeserve se distingue por su enfoque diferente a los m\u00e9todos de calentamiento tradicionales, como las piedras calientes o las l\u00e1mparas de calor, que a menudo resecan los alimentos o contin\u00faan cocin\u00e1ndolos. Su ventaja competitiva incluye:<\/span><\/p>\n<\/div><\/div>\n\n<div class=\"et_pb_text_4 et_pb_text et_pb_bg_layout_light et_pb_module et_flex_module\"><div class=\"et_pb_text_inner\"><ul>\n<li style=\"font-weight: 400;\" aria-level=\"1\"><b>Tecnolog\u00eda de recirculaci\u00f3n de aire patentada:<\/b><span style=\"font-weight: 400;\"> Este exclusivo sistema de convecci\u00f3n hace circular aire caliente en un patr\u00f3n tridimensional alrededor de los alimentos. Esto crea un microclima estable que conserva la textura y la humedad, evitando que la superficie quede blanda o la base dura.<\/span><\/li>\n<li><b>Verdadero mantenimiento caliente:<\/b><span style=\"font-weight: 400;\"> Son el \u00fanico fabricante que ofrece una \"verdadera conservaci\u00f3n en caliente\", lo que permite que productos como patatas fritas, pasteles y hamburguesas mantengan su m\u00e1xima calidad durante per\u00edodos significativamente m\u00e1s largos (hasta el doble o el triple del est\u00e1ndar de la industria).<\/span><\/li>\n<li><b>Multi-temperaturas en distintas zonas:<\/b><span style=\"font-weight: 400;\"> Sus unidades pueden mantener diferentes temperaturas en diferentes estantes dentro del mismo armario abierto, lo que permite que una sola unidad almacene varios tipos de alimentos simult\u00e1neamente.<\/span><span style=\"font-weight: 400;\"><\/span><\/li>\n<li><b>Soluci\u00f3n Flexeserve:<\/b><span style=\"font-weight: 400;\"> No solo venden hardware; ofrecen un servicio de consultor\u00eda integral que incluye el desarrollo de men\u00fas, asesoramiento sobre el envasado (para garantizar que el vapor escape correctamente) y la optimizaci\u00f3n del m\u00e9todo de cocci\u00f3n para asegurar los mejores resultados en sus unidades.<\/span><span style=\"font-weight: 400;\"><\/span><\/li>\n<\/ul>\n<\/div><\/div>\n<\/div>\n<\/div>\n<\/div>\n\n<div class=\"et_pb_section_3 et_pb_section et_section_regular et_flex_section\">\n<div class=\"et_pb_row_4 et_pb_row et_flex_row\">\n<div class=\"et_pb_column_7 et_pb_column et-last-child et_flex_column et_pb_css_mix_blend_mode_passthrough et_flex_column_24_24 et_flex_column_24_24_tablet et_flex_column_24_24_phone\">\n<div class=\"et_pb_heading_0 et_pb_heading et_pb_module et_flex_module\"><div class=\"et_pb_heading_container\"><h3 class=\"et_pb_module_header\">Equipo Destacado<\/h3><\/div><\/div>\n<\/div>\n<\/div>\n\n<div class=\"et_pb_row_5 et_pb_row et_flex_row\">\n<div class=\"et_pb_column_8 et_pb_column et_flex_column et_pb_css_mix_blend_mode_passthrough et_flex_column_2_5 et_flex_column_2_5_tablet et_flex_column_24_24_phone\">\n<div class=\"et_pb_image_2 et_pb_image et_pb_module et_flex_module\"><span class=\"et_pb_image_wrap\"><img loading=\"lazy\" decoding=\"async\" src=\"https:\/\/www.nsintermarket.com\/wp-content\/uploads\/Convection-Air-Hot-Holding_Flexeserve-Zone.png\" title=\"Convection Air Hot Holding_Flexeserve Zone\" width=\"1080\" height=\"1080\" srcset=\"https:\/\/www.nsintermarket.com\/wp-content\/uploads\/Convection-Air-Hot-Holding_Flexeserve-Zone.png 1080w, https:\/\/www.nsintermarket.com\/wp-content\/uploads\/Convection-Air-Hot-Holding_Flexeserve-Zone-980x980.png 980w, https:\/\/www.nsintermarket.com\/wp-content\/uploads\/Convection-Air-Hot-Holding_Flexeserve-Zone-480x480.png 480w\" sizes=\"(min-width: 0px) and (max-width: 480px) 480px, (min-width: 481px) and (max-width: 980px) 980px, (min-width: 981px) 1080px, 100vw\" class=\"wp-image-803286\" \/><\/span><\/div>\n<\/div>\n\n<div class=\"et_pb_column_9 et_pb_column et-last-child et_flex_column et_pb_css_mix_blend_mode_passthrough et_flex_column_3_5 et_flex_column_3_5_tablet et_flex_column_24_24_phone\">\n<div class=\"et_pb_heading_1 et_pb_heading et_pb_module et_flex_module\"><div class=\"et_pb_heading_container\"><h4 class=\"et_pb_module_header\">Flexeserve Zone\u00ae<\/h4><\/div><\/div>\n\n<div class=\"et_pb_text_5 et_pb_text et_pb_bg_layout_light et_pb_module et_flex_module\"><div class=\"et_pb_text_inner\"><p><span style=\"font-weight: 400;\">Su producto estrella, una vitrina refrigerada de m\u00faltiples niveles, est\u00e1 disponible en modelos de sobremesa y de pie. <\/span><span style=\"font-weight: 400;\">\u00a0Tiene <strong>zonas de temperatura controladas individualmente en cada estante.<\/strong> Utiliza una \"cortina de aire\" para retener el calor, lo que la hace muy eficiente energ\u00e9ticamente y c\u00f3moda para que los clientes puedan acceder a ella incluso en ambientes con aire acondicionado.<\/span><\/p>\n<\/div><\/div>\n<\/div>\n<\/div>\n\n<div class=\"et_pb_row_6 et_pb_row et_flex_row\">\n<div class=\"et_pb_column_10 et_pb_column et_flex_column et_pb_css_mix_blend_mode_passthrough et_flex_column_2_5 et_flex_column_2_5_tablet et_flex_column_24_24_phone\">\n<div class=\"et_pb_image_3 et_pb_image et_pb_module et_flex_module\"><span class=\"et_pb_image_wrap\"><img loading=\"lazy\" decoding=\"async\" src=\"https:\/\/www.nsintermarket.com\/wp-content\/uploads\/Flexeserve-Hub.png\" title=\"Flexeserve Hub\" width=\"1080\" height=\"1080\" srcset=\"https:\/\/www.nsintermarket.com\/wp-content\/uploads\/Flexeserve-Hub.png 1080w, https:\/\/www.nsintermarket.com\/wp-content\/uploads\/Flexeserve-Hub-980x980.png 980w, https:\/\/www.nsintermarket.com\/wp-content\/uploads\/Flexeserve-Hub-480x480.png 480w\" sizes=\"(min-width: 0px) and (max-width: 480px) 480px, (min-width: 481px) and (max-width: 980px) 980px, (min-width: 981px) 1080px, 100vw\" class=\"wp-image-803287\" \/><\/span><\/div>\n<\/div>\n\n<div class=\"et_pb_column_11 et_pb_column et-last-child et_flex_column et_pb_css_mix_blend_mode_passthrough et_flex_column_3_5 et_flex_column_3_5_tablet et_flex_column_24_24_phone\">\n<div class=\"et_pb_heading_2 et_pb_heading et_pb_module et_flex_module\"><div class=\"et_pb_heading_container\"><h4 class=\"et_pb_module_header\">Flexeserve Hub\u00ae<\/h4><\/div><\/div>\n\n<div class=\"et_pb_text_6 et_pb_text et_pb_bg_layout_light et_pb_module et_flex_module\"><div class=\"et_pb_text_inner\"><p><span style=\"font-weight: 400;\">Una unidad de conservaci\u00f3n en caliente cerrada y de alta capacidad, dise\u00f1ada espec\u00edficamente para los sectores de cocina, reparto y recogida de alimentos. <\/span><span style=\"font-weight: 400;\">Dise\u00f1ado para almacenar grandes cantidades de alimentos envasados \u200b\u200b(hasta 60 pizzas grandes o 140 pollos asados). Su dise\u00f1o permite mantener los pedidos a domicilio a la temperatura ideal hasta la llegada del repartidor o del cliente, optimizando as\u00ed las operaciones de la cocina durante las horas punta.<\/span><\/p>\n<\/div><\/div>\n<\/div>\n<\/div>\n\n<div class=\"et_pb_row_7 et_pb_row et_flex_row\">\n<div class=\"et_pb_column_12 et_pb_column et_flex_column et_pb_css_mix_blend_mode_passthrough et_flex_column_2_5 et_flex_column_2_5_tablet et_flex_column_24_24_phone\">\n<div class=\"et_pb_image_4 et_pb_image et_pb_module et_flex_module\"><span class=\"et_pb_image_wrap\"><img loading=\"lazy\" decoding=\"async\" src=\"https:\/\/www.nsintermarket.com\/wp-content\/uploads\/Flexeserve-Zone-Countertop.png\" title=\"Flexeserve Zone Countertop\" width=\"1080\" height=\"1080\" srcset=\"https:\/\/www.nsintermarket.com\/wp-content\/uploads\/Flexeserve-Zone-Countertop.png 1080w, https:\/\/www.nsintermarket.com\/wp-content\/uploads\/Flexeserve-Zone-Countertop-980x980.png 980w, https:\/\/www.nsintermarket.com\/wp-content\/uploads\/Flexeserve-Zone-Countertop-480x480.png 480w\" sizes=\"(min-width: 0px) and (max-width: 480px) 480px, (min-width: 481px) and (max-width: 980px) 980px, (min-width: 981px) 1080px, 100vw\" class=\"wp-image-803288\" \/><\/span><\/div>\n<\/div>\n\n<div class=\"et_pb_column_13 et_pb_column et-last-child et_flex_column et_pb_css_mix_blend_mode_passthrough et_flex_column_3_5 et_flex_column_3_5_tablet et_flex_column_24_24_phone\">\n<div class=\"et_pb_heading_3 et_pb_heading et_pb_module et_flex_module\"><div class=\"et_pb_heading_container\"><h4 class=\"et_pb_module_header\">Flexeserve Zone XTRA<\/h4><\/div><\/div>\n\n<div class=\"et_pb_text_7 et_pb_text et_pb_bg_layout_light et_pb_module et_flex_module\"><div class=\"et_pb_text_inner\"><p><span style=\"font-weight: 400;\">Una versi\u00f3n ampliada de la serie Zone, dise\u00f1ada para ubicaciones de mostrador con alto volumen de uso. <\/span><span style=\"font-weight: 400;\">Ofrece hasta un 80% m\u00e1s de espacio de exhibici\u00f3n que las unidades de mostrador est\u00e1ndar. Est\u00e1 dise\u00f1ado para una operaci\u00f3n de \"alimentaci\u00f3n trasera\", lo que permite al personal reabastecer desde el lado de la cocina mientras los clientes compran desde el frente.<\/span><\/p>\n<\/div><\/div>\n<\/div>\n<\/div>\n<\/div>","protected":false},"excerpt":{"rendered":"","protected":false},"author":1,"featured_media":803286,"parent":803028,"menu_order":0,"comment_status":"closed","ping_status":"closed","template":"","meta":{"content-type":"","footnotes":""},"class_list":["post-803284","page","type-page","status-publish","has-post-thumbnail","hentry"],"yoast_head":"<!-- This site is optimized with the Yoast SEO Premium plugin v27.4 (Yoast SEO v27.4) - https:\/\/yoast.com\/product\/yoast-seo-premium-wordpress\/ -->\n<title>Flexeserve - NS InterMarket<\/title>\n<meta name=\"description\" content=\"Flexeserve is an UK manufacturer with the unique hot holding technology through air convection for a true hot holding\" \/>\n<meta name=\"robots\" content=\"index, follow, max-snippet:-1, max-image-preview:large, max-video-preview:-1\" \/>\n<link rel=\"canonical\" href=\"https:\/\/www.nsintermarket.com\/es\/manufacturers\/equipment\/flexeserve\/\" \/>\n<meta property=\"og:locale\" content=\"es_MX\" \/>\n<meta property=\"og:type\" content=\"article\" \/>\n<meta property=\"og:title\" content=\"Flexeserve\" \/>\n<meta property=\"og:description\" content=\"Flexeserve is an UK manufacturer with the unique hot holding technology through air convection for a true hot holding\" \/>\n<meta property=\"og:url\" content=\"https:\/\/www.nsintermarket.com\/es\/manufacturers\/equipment\/flexeserve\/\" \/>\n<meta property=\"og:site_name\" content=\"NS InterMarket\" \/>\n<meta property=\"article:modified_time\" content=\"2026-04-15T21:45:31+00:00\" \/>\n<meta property=\"og:image\" content=\"https:\/\/www.nsintermarket.com\/wp-content\/uploads\/Convection-Air-Hot-Holding_Flexeserve-Zone.png\" \/>\n\t<meta property=\"og:image:width\" content=\"1080\" \/>\n\t<meta property=\"og:image:height\" content=\"1080\" \/>\n\t<meta property=\"og:image:type\" content=\"image\/png\" \/>\n<meta name=\"twitter:card\" content=\"summary_large_image\" \/>\n<meta name=\"twitter:label1\" content=\"Tiempo de lectura\" \/>\n\t<meta name=\"twitter:data1\" content=\"1 minuto\" \/>\n<script type=\"application\/ld+json\" class=\"yoast-schema-graph\">{\"@context\":\"https:\\\/\\\/schema.org\",\"@graph\":[{\"@type\":\"WebPage\",\"@id\":\"https:\\\/\\\/www.nsintermarket.com\\\/en\\\/manufacturers\\\/equipment\\\/flexeserve\\\/\",\"url\":\"https:\\\/\\\/www.nsintermarket.com\\\/en\\\/manufacturers\\\/equipment\\\/flexeserve\\\/\",\"name\":\"Flexeserve - NS InterMarket\",\"isPartOf\":{\"@id\":\"https:\\\/\\\/www.nsintermarket.com\\\/#website\"},\"primaryImageOfPage\":{\"@id\":\"https:\\\/\\\/www.nsintermarket.com\\\/en\\\/manufacturers\\\/equipment\\\/flexeserve\\\/#primaryimage\"},\"image\":{\"@id\":\"https:\\\/\\\/www.nsintermarket.com\\\/en\\\/manufacturers\\\/equipment\\\/flexeserve\\\/#primaryimage\"},\"thumbnailUrl\":\"https:\\\/\\\/www.nsintermarket.com\\\/wp-content\\\/uploads\\\/Convection-Air-Hot-Holding_Flexeserve-Zone.png\",\"datePublished\":\"2026-03-12T04:34:37+00:00\",\"dateModified\":\"2026-04-15T21:45:31+00:00\",\"description\":\"Flexeserve is an UK manufacturer with the unique hot holding technology through air convection for a true hot holding\",\"breadcrumb\":{\"@id\":\"https:\\\/\\\/www.nsintermarket.com\\\/en\\\/manufacturers\\\/equipment\\\/flexeserve\\\/#breadcrumb\"},\"inLanguage\":\"es\",\"potentialAction\":[{\"@type\":\"ReadAction\",\"target\":[\"https:\\\/\\\/www.nsintermarket.com\\\/en\\\/manufacturers\\\/equipment\\\/flexeserve\\\/\"]}]},{\"@type\":\"ImageObject\",\"inLanguage\":\"es\",\"@id\":\"https:\\\/\\\/www.nsintermarket.com\\\/en\\\/manufacturers\\\/equipment\\\/flexeserve\\\/#primaryimage\",\"url\":\"https:\\\/\\\/www.nsintermarket.com\\\/wp-content\\\/uploads\\\/Convection-Air-Hot-Holding_Flexeserve-Zone.png\",\"contentUrl\":\"https:\\\/\\\/www.nsintermarket.com\\\/wp-content\\\/uploads\\\/Convection-Air-Hot-Holding_Flexeserve-Zone.png\",\"width\":1080,\"height\":1080},{\"@type\":\"BreadcrumbList\",\"@id\":\"https:\\\/\\\/www.nsintermarket.com\\\/en\\\/manufacturers\\\/equipment\\\/flexeserve\\\/#breadcrumb\",\"itemListElement\":[{\"@type\":\"ListItem\",\"position\":1,\"name\":\"Home\",\"item\":\"https:\\\/\\\/www.nsintermarket.com\\\/en\\\/\"},{\"@type\":\"ListItem\",\"position\":2,\"name\":\"Manufacturers\",\"item\":\"https:\\\/\\\/www.nsintermarket.com\\\/manufacturers\\\/\"},{\"@type\":\"ListItem\",\"position\":3,\"name\":\"Equipment\",\"item\":\"https:\\\/\\\/www.nsintermarket.com\\\/en\\\/manufacturers\\\/equipment\\\/\"},{\"@type\":\"ListItem\",\"position\":4,\"name\":\"Flexeserve\"}]},{\"@type\":\"WebSite\",\"@id\":\"https:\\\/\\\/www.nsintermarket.com\\\/#website\",\"url\":\"https:\\\/\\\/www.nsintermarket.com\\\/\",\"name\":\"NS InterMarket\",\"description\":\"Foodservice manufacturers rep agency for Latin America and the Caribbean\",\"publisher\":{\"@id\":\"https:\\\/\\\/www.nsintermarket.com\\\/#organization\"},\"potentialAction\":[{\"@type\":\"SearchAction\",\"target\":{\"@type\":\"EntryPoint\",\"urlTemplate\":\"https:\\\/\\\/www.nsintermarket.com\\\/?s={search_term_string}\"},\"query-input\":{\"@type\":\"PropertyValueSpecification\",\"valueRequired\":true,\"valueName\":\"search_term_string\"}}],\"inLanguage\":\"es\"},{\"@type\":\"Organization\",\"@id\":\"https:\\\/\\\/www.nsintermarket.com\\\/#organization\",\"name\":\"NS InterMarket\",\"url\":\"https:\\\/\\\/www.nsintermarket.com\\\/\",\"logo\":{\"@type\":\"ImageObject\",\"inLanguage\":\"es\",\"@id\":\"https:\\\/\\\/www.nsintermarket.com\\\/#\\\/schema\\\/logo\\\/image\\\/\",\"url\":\"https:\\\/\\\/www.nsintermarket.com\\\/wp-content\\\/uploads\\\/2023\\\/01\\\/NS-Intermarket-Logo-transparent-background-1.png\",\"contentUrl\":\"https:\\\/\\\/www.nsintermarket.com\\\/wp-content\\\/uploads\\\/2023\\\/01\\\/NS-Intermarket-Logo-transparent-background-1.png\",\"width\":2224,\"height\":1668,\"caption\":\"NS InterMarket\"},\"image\":{\"@id\":\"https:\\\/\\\/www.nsintermarket.com\\\/#\\\/schema\\\/logo\\\/image\\\/\"}}]}<\/script>\n<!-- \/ Yoast SEO Premium plugin. -->","yoast_head_json":{"title":"Flexeserve - NS InterMarket","description":"Flexeserve is an UK manufacturer with the unique hot holding technology through air convection for a true hot holding","robots":{"index":"index","follow":"follow","max-snippet":"max-snippet:-1","max-image-preview":"max-image-preview:large","max-video-preview":"max-video-preview:-1"},"canonical":"https:\/\/www.nsintermarket.com\/es\/manufacturers\/equipment\/flexeserve\/","og_locale":"es_MX","og_type":"article","og_title":"Flexeserve","og_description":"Flexeserve is an UK manufacturer with the unique hot holding technology through air convection for a true hot holding","og_url":"https:\/\/www.nsintermarket.com\/es\/manufacturers\/equipment\/flexeserve\/","og_site_name":"NS InterMarket","article_modified_time":"2026-04-15T21:45:31+00:00","og_image":[{"width":1080,"height":1080,"url":"https:\/\/www.nsintermarket.com\/wp-content\/uploads\/Convection-Air-Hot-Holding_Flexeserve-Zone.png","type":"image\/png"}],"twitter_card":"summary_large_image","twitter_misc":{"Tiempo de lectura":"1 minuto"},"schema":{"@context":"https:\/\/schema.org","@graph":[{"@type":"WebPage","@id":"https:\/\/www.nsintermarket.com\/en\/manufacturers\/equipment\/flexeserve\/","url":"https:\/\/www.nsintermarket.com\/en\/manufacturers\/equipment\/flexeserve\/","name":"Flexeserve - NS InterMarket","isPartOf":{"@id":"https:\/\/www.nsintermarket.com\/#website"},"primaryImageOfPage":{"@id":"https:\/\/www.nsintermarket.com\/en\/manufacturers\/equipment\/flexeserve\/#primaryimage"},"image":{"@id":"https:\/\/www.nsintermarket.com\/en\/manufacturers\/equipment\/flexeserve\/#primaryimage"},"thumbnailUrl":"https:\/\/www.nsintermarket.com\/wp-content\/uploads\/Convection-Air-Hot-Holding_Flexeserve-Zone.png","datePublished":"2026-03-12T04:34:37+00:00","dateModified":"2026-04-15T21:45:31+00:00","description":"Flexeserve is an UK manufacturer with the unique hot holding technology through air convection for a true hot holding","breadcrumb":{"@id":"https:\/\/www.nsintermarket.com\/en\/manufacturers\/equipment\/flexeserve\/#breadcrumb"},"inLanguage":"es","potentialAction":[{"@type":"ReadAction","target":["https:\/\/www.nsintermarket.com\/en\/manufacturers\/equipment\/flexeserve\/"]}]},{"@type":"ImageObject","inLanguage":"es","@id":"https:\/\/www.nsintermarket.com\/en\/manufacturers\/equipment\/flexeserve\/#primaryimage","url":"https:\/\/www.nsintermarket.com\/wp-content\/uploads\/Convection-Air-Hot-Holding_Flexeserve-Zone.png","contentUrl":"https:\/\/www.nsintermarket.com\/wp-content\/uploads\/Convection-Air-Hot-Holding_Flexeserve-Zone.png","width":1080,"height":1080},{"@type":"BreadcrumbList","@id":"https:\/\/www.nsintermarket.com\/en\/manufacturers\/equipment\/flexeserve\/#breadcrumb","itemListElement":[{"@type":"ListItem","position":1,"name":"Home","item":"https:\/\/www.nsintermarket.com\/en\/"},{"@type":"ListItem","position":2,"name":"Manufacturers","item":"https:\/\/www.nsintermarket.com\/manufacturers\/"},{"@type":"ListItem","position":3,"name":"Equipment","item":"https:\/\/www.nsintermarket.com\/en\/manufacturers\/equipment\/"},{"@type":"ListItem","position":4,"name":"Flexeserve"}]},{"@type":"WebSite","@id":"https:\/\/www.nsintermarket.com\/#website","url":"https:\/\/www.nsintermarket.com\/","name":"NS InterMarket","description":"Foodservice manufacturers rep agency for Latin America and the Caribbean","publisher":{"@id":"https:\/\/www.nsintermarket.com\/#organization"},"potentialAction":[{"@type":"SearchAction","target":{"@type":"EntryPoint","urlTemplate":"https:\/\/www.nsintermarket.com\/?s={search_term_string}"},"query-input":{"@type":"PropertyValueSpecification","valueRequired":true,"valueName":"search_term_string"}}],"inLanguage":"es"},{"@type":"Organization","@id":"https:\/\/www.nsintermarket.com\/#organization","name":"NS InterMarket","url":"https:\/\/www.nsintermarket.com\/","logo":{"@type":"ImageObject","inLanguage":"es","@id":"https:\/\/www.nsintermarket.com\/#\/schema\/logo\/image\/","url":"https:\/\/www.nsintermarket.com\/wp-content\/uploads\/2023\/01\/NS-Intermarket-Logo-transparent-background-1.png","contentUrl":"https:\/\/www.nsintermarket.com\/wp-content\/uploads\/2023\/01\/NS-Intermarket-Logo-transparent-background-1.png","width":2224,"height":1668,"caption":"NS InterMarket"},"image":{"@id":"https:\/\/www.nsintermarket.com\/#\/schema\/logo\/image\/"}}]}},"_links":{"self":[{"href":"https:\/\/www.nsintermarket.com\/es\/wp-json\/wp\/v2\/pages\/803284","targetHints":{"allow":["GET"]}}],"collection":[{"href":"https:\/\/www.nsintermarket.com\/es\/wp-json\/wp\/v2\/pages"}],"about":[{"href":"https:\/\/www.nsintermarket.com\/es\/wp-json\/wp\/v2\/types\/page"}],"author":[{"embeddable":true,"href":"https:\/\/www.nsintermarket.com\/es\/wp-json\/wp\/v2\/users\/1"}],"replies":[{"embeddable":true,"href":"https:\/\/www.nsintermarket.com\/es\/wp-json\/wp\/v2\/comments?post=803284"}],"version-history":[{"count":8,"href":"https:\/\/www.nsintermarket.com\/es\/wp-json\/wp\/v2\/pages\/803284\/revisions"}],"predecessor-version":[{"id":803814,"href":"https:\/\/www.nsintermarket.com\/es\/wp-json\/wp\/v2\/pages\/803284\/revisions\/803814"}],"up":[{"embeddable":true,"href":"https:\/\/www.nsintermarket.com\/es\/wp-json\/wp\/v2\/pages\/803028"}],"wp:featuredmedia":[{"embeddable":true,"href":"https:\/\/www.nsintermarket.com\/es\/wp-json\/wp\/v2\/media\/803286"}],"wp:attachment":[{"href":"https:\/\/www.nsintermarket.com\/es\/wp-json\/wp\/v2\/media?parent=803284"}],"curies":[{"name":"wp","href":"https:\/\/api.w.org\/{rel}","templated":true}]}}