{"id":803039,"date":"2026-02-16T04:20:45","date_gmt":"2026-02-16T09:20:45","guid":{"rendered":"https:\/\/www.nsintermarket.com\/?page_id=803039"},"modified":"2026-04-03T02:11:51","modified_gmt":"2026-04-03T06:11:51","slug":"video-gallery","status":"publish","type":"page","link":"https:\/\/www.nsintermarket.com\/es\/resources-hub\/video-gallery\/","title":{"rendered":"Galer\u00eda de Videos"},"content":{"rendered":"<div class=\"et_pb_section_0 et_pb_section et_section_regular et_flex_section\">\n<div class=\"et_pb_row_0 et_pb_row et_flex_row\">\n<div class=\"et_pb_column_0 et_pb_column et-last-child et_flex_column et_pb_css_mix_blend_mode_passthrough et_flex_column_24_24 et_flex_column_24_24_tablet et_flex_column_24_24_phone\">\n<div class=\"et_pb_text_0 et_pb_text et_pb_bg_layout_light et_pb_module et_flex_module\"><div class=\"et_pb_text_inner\"><h1>Galer\u00eda de Videos<\/h1>\n<\/div><\/div>\n\n<div class=\"et_pb_text_1 et_pb_text et_pb_bg_layout_light et_pb_module et_flex_module nexus-breadcrumbs-txt\"><div class=\"et_pb_text_inner\"><nav class=\"nexus-breadcrumbs\" aria-label=\"Breadcrumb\"><a href=\"https:\/\/www.nsintermarket.com\/es\/\">Inicio<\/a> <span class=\"nexus-separator\"><\/span><span>Archivos<\/span><\/nav>\n<\/div><\/div>\n<\/div>\n<\/div>\n<\/div>\n\n<div class=\"et_pb_section_1 et_pb_section et_section_regular et_flex_section\">\n<div class=\"et_pb_row_1 et_pb_row et_flex_row et_flex_column_12_24 et_flex_column_12_24_tablet et_flex_column_12_24_phone\">\n<div class=\"et_pb_column_1 et_pb_column et-last-child et_flex_column et_pb_css_mix_blend_mode_passthrough et_flex_column_24_24 et_flex_column_24_24_tablet et_flex_column_24_24_phone\">\n<div class=\"et_pb_heading_0 et_pb_heading et_pb_module et_flex_module\"><div class=\"et_pb_heading_container\"><h3 class=\"et_pb_module_header\">Explore Nuestras Divisiones de Fabricantes<\/h3><\/div><\/div>\n\n<div class=\"et_pb_text_2 et_pb_text et_pb_bg_layout_light et_pb_module et_flex_module\"><div class=\"et_pb_text_inner\"><p>En NS InterMarket, apoyamos el desarrollo de la industria de servicios de alimentos en Am\u00e9rica Latina y el Caribe, representando a fabricantes l\u00edderes en equipos, componentes y soluciones de telemetr\u00eda.<\/p>\n<p><span style=\"font-weight: 400;\">Descubra las soluciones provistas por nuestras divisiones.<\/span><\/p>\n<\/div><\/div>\n\n<div class=\"et_pb_video_0 et_pb_video et_pb_module et_flex_module\"><div class=\"et_pb_video_box\"><iframe loading=\"lazy\" title=\"Retrofits Kitchen Brains - ABASTUR 2025\" width=\"1080\" height=\"608\" src=\"https:\/\/www.youtube.com\/embed\/jLvBjkD39rU?feature=oembed\"  allow=\"accelerometer; autoplay; clipboard-write; encrypted-media; gyroscope; picture-in-picture; web-share\" referrerpolicy=\"strict-origin-when-cross-origin\" allowfullscreen><\/iframe><\/div><\/div>\n<\/div>\n<\/div>\n<\/div>\n\n<div class=\"et_pb_section_2 et_pb_section et_section_regular et_flex_section\">\n<div class=\"et_pb_row_2 et_pb_row et_flex_row\">\n<div class=\"et_pb_column_2 et_pb_column et-last-child et_flex_column et_pb_css_mix_blend_mode_passthrough et_flex_column_24_24 et_flex_column_24_24_tablet et_flex_column_24_24_phone\">\n<div class=\"et_pb_heading_1 et_pb_heading et_pb_module et_flex_module\"><div class=\"et_pb_heading_container\"><h3 class=\"et_pb_module_header\">Videos Recomendados<\/h3><\/div><\/div>\n<\/div>\n<\/div>\n<\/div>\n\n<div class=\"et_pb_section_3 et_pb_section et_section_regular et_flex_section\">\n<div class=\"et_pb_row_3 et_pb_row et_flex_row\">\n<div class=\"et_pb_column_3 et_pb_column et_flex_column et_pb_css_mix_blend_mode_passthrough et_flex_column_8_24 et_flex_column_8_24_tablet et_flex_column_24_24_phone\">\n<div class=\"et_pb_video_1 et_pb_video et_pb_module et_flex_module\"><div class=\"et_pb_video_box\"><iframe loading=\"lazy\" title=\"Plancha AccuSteam Griddle de AccuTemp - El poder del vapor\" width=\"1080\" height=\"608\" src=\"https:\/\/www.youtube.com\/embed\/trzzgIqkhAY?feature=oembed\"  allow=\"accelerometer; autoplay; clipboard-write; encrypted-media; gyroscope; picture-in-picture; web-share\" referrerpolicy=\"strict-origin-when-cross-origin\" allowfullscreen><\/iframe><\/div><\/div>\n<\/div>\n\n<div class=\"et_pb_column_4 et_pb_column et_flex_column et_pb_css_mix_blend_mode_passthrough et_flex_column_8_24 et_flex_column_8_24_tablet et_flex_column_24_24_phone\">\n<div class=\"et_pb_video_2 et_pb_video et_pb_module et_flex_module\"><div class=\"et_pb_video_box\"><iframe loading=\"lazy\" title=\"Midea - Presentaci\u00f3n de Marca\" width=\"1080\" height=\"608\" src=\"https:\/\/www.youtube.com\/embed\/AOh7BaVTI54?feature=oembed\"  allow=\"accelerometer; autoplay; clipboard-write; encrypted-media; gyroscope; picture-in-picture; web-share\" referrerpolicy=\"strict-origin-when-cross-origin\" allowfullscreen><\/iframe><\/div><\/div>\n<\/div>\n\n<div class=\"et_pb_column_5 et_pb_column et-last-child et_flex_column et_pb_css_mix_blend_mode_passthrough et_flex_column_8_24 et_flex_column_8_24_tablet et_flex_column_24_24_phone\">\n<div class=\"et_pb_video_3 et_pb_video et_pb_module et_flex_module\"><div class=\"et_pb_video_box\"><iframe loading=\"lazy\" title=\"Guandgong Perfect - JIWINS - Video de presentaci\u00f3n en espa\u00f1ol\" width=\"1080\" height=\"608\" src=\"https:\/\/www.youtube.com\/embed\/oTHu5KvLtbc?feature=oembed\"  allow=\"accelerometer; autoplay; clipboard-write; encrypted-media; gyroscope; picture-in-picture; web-share\" referrerpolicy=\"strict-origin-when-cross-origin\" allowfullscreen><\/iframe><\/div><\/div>\n<\/div>\n<\/div>\n\n<div class=\"et_pb_row_4 et_pb_row et_flex_row\">\n<div class=\"et_pb_column_6 et_pb_column et_flex_column et_pb_css_mix_blend_mode_passthrough et_flex_column_8_24 et_flex_column_8_24_tablet et_flex_column_24_24_phone\">\n<div class=\"et_pb_video_4 et_pb_video et_pb_module et_flex_module\"><div class=\"et_pb_video_box\"><iframe loading=\"lazy\" title=\"\u00bfQui\u00e9n es Tecnomac? con Alberto Cardin - ABASTUR 2025\" width=\"1080\" height=\"608\" src=\"https:\/\/www.youtube.com\/embed\/UeZwrV-5dKw?feature=oembed\"  allow=\"accelerometer; autoplay; clipboard-write; encrypted-media; gyroscope; picture-in-picture; web-share\" referrerpolicy=\"strict-origin-when-cross-origin\" allowfullscreen><\/iframe><\/div><\/div>\n<\/div>\n\n<div class=\"et_pb_column_7 et_pb_column et_flex_column et_pb_css_mix_blend_mode_passthrough et_flex_column_8_24 et_flex_column_8_24_tablet et_flex_column_24_24_phone\">\n<div class=\"et_pb_video_5 et_pb_video et_pb_module et_flex_module\"><div class=\"et_pb_video_box\"><iframe loading=\"lazy\" title=\"Flexeserve - ABASTUR 2025 - Tecnolog\u00eda para Latinoam\u00e9rica y el Caribe\" width=\"1080\" height=\"608\" src=\"https:\/\/www.youtube.com\/embed\/5br9PHX4hQo?feature=oembed\"  allow=\"accelerometer; autoplay; clipboard-write; encrypted-media; gyroscope; picture-in-picture; web-share\" referrerpolicy=\"strict-origin-when-cross-origin\" allowfullscreen><\/iframe><\/div><\/div>\n<\/div>\n\n<div class=\"et_pb_column_8 et_pb_column et-last-child et_flex_column et_pb_css_mix_blend_mode_passthrough et_flex_column_8_24 et_flex_column_8_24_tablet et_flex_column_24_24_phone\">\n<div class=\"et_pb_video_6 et_pb_video et_pb_module et_flex_module\"><div class=\"et_pb_video_box\"><iframe loading=\"lazy\" title=\"Abatidor Multifuncional Mint - Angelo Bosco - Tecnomac - ABASTUR 2025\" width=\"1080\" height=\"608\" src=\"https:\/\/www.youtube.com\/embed\/UPoZ_OWF9Bc?feature=oembed\"  allow=\"accelerometer; autoplay; clipboard-write; encrypted-media; gyroscope; picture-in-picture; web-share\" referrerpolicy=\"strict-origin-when-cross-origin\" allowfullscreen><\/iframe><\/div><\/div>\n<\/div>\n<\/div>\n<\/div>","protected":false},"excerpt":{"rendered":"","protected":false},"author":1,"featured_media":803483,"parent":100534,"menu_order":0,"comment_status":"closed","ping_status":"closed","template":"","meta":{"content-type":"","footnotes":""},"class_list":["post-803039","page","type-page","status-publish","has-post-thumbnail","hentry"],"yoast_head":"<!-- This site is optimized with the Yoast SEO Premium plugin v27.4 (Yoast SEO v27.4) - https:\/\/yoast.com\/product\/yoast-seo-premium-wordpress\/ -->\n<title>Video Gallery - NS InterMarket<\/title>\n<meta name=\"description\" content=\"Watch product demos and educational videos from NS InterMarket&#039;s commercial kitchen equipment manufacturer partners.\" \/>\n<meta name=\"robots\" content=\"index, follow, max-snippet:-1, max-image-preview:large, max-video-preview:-1\" \/>\n<link rel=\"canonical\" href=\"https:\/\/www.nsintermarket.com\/es\/resources-hub\/video-gallery\/\" \/>\n<meta property=\"og:locale\" content=\"es_MX\" \/>\n<meta property=\"og:type\" content=\"article\" \/>\n<meta property=\"og:title\" content=\"Video Gallery\" \/>\n<meta property=\"og:description\" content=\"Watch product demos and educational videos from NS InterMarket&#039;s commercial kitchen equipment manufacturer partners.\" \/>\n<meta property=\"og:url\" content=\"https:\/\/www.nsintermarket.com\/es\/resources-hub\/video-gallery\/\" \/>\n<meta property=\"og:site_name\" content=\"NS InterMarket\" \/>\n<meta property=\"article:modified_time\" content=\"2026-04-03T06:11:51+00:00\" \/>\n<meta property=\"og:image\" content=\"https:\/\/www.nsintermarket.com\/wp-content\/uploads\/14-1.webp\" \/>\n\t<meta property=\"og:image:width\" content=\"1920\" \/>\n\t<meta property=\"og:image:height\" content=\"1080\" \/>\n\t<meta property=\"og:image:type\" content=\"image\/png\" \/>\n<meta name=\"twitter:card\" content=\"summary_large_image\" \/>\n<meta name=\"twitter:label1\" content=\"Tiempo de lectura\" \/>\n\t<meta name=\"twitter:data1\" content=\"1 minuto\" \/>\n<script type=\"application\/ld+json\" class=\"yoast-schema-graph\">{\"@context\":\"https:\\\/\\\/schema.org\",\"@graph\":[{\"@type\":\"WebPage\",\"@id\":\"https:\\\/\\\/www.nsintermarket.com\\\/resources-hub\\\/video-gallery\\\/\",\"url\":\"https:\\\/\\\/www.nsintermarket.com\\\/resources-hub\\\/video-gallery\\\/\",\"name\":\"Video Gallery - NS InterMarket\",\"isPartOf\":{\"@id\":\"https:\\\/\\\/www.nsintermarket.com\\\/#website\"},\"primaryImageOfPage\":{\"@id\":\"https:\\\/\\\/www.nsintermarket.com\\\/resources-hub\\\/video-gallery\\\/#primaryimage\"},\"image\":{\"@id\":\"https:\\\/\\\/www.nsintermarket.com\\\/resources-hub\\\/video-gallery\\\/#primaryimage\"},\"thumbnailUrl\":\"https:\\\/\\\/www.nsintermarket.com\\\/wp-content\\\/uploads\\\/14-1.webp\",\"datePublished\":\"2026-02-16T09:20:45+00:00\",\"dateModified\":\"2026-04-03T06:11:51+00:00\",\"description\":\"Watch product demos and educational videos from NS InterMarket's commercial kitchen equipment manufacturer partners.\",\"breadcrumb\":{\"@id\":\"https:\\\/\\\/www.nsintermarket.com\\\/resources-hub\\\/video-gallery\\\/#breadcrumb\"},\"inLanguage\":\"es\",\"potentialAction\":[{\"@type\":\"ReadAction\",\"target\":[\"https:\\\/\\\/www.nsintermarket.com\\\/resources-hub\\\/video-gallery\\\/\"]}]},{\"@type\":\"ImageObject\",\"inLanguage\":\"es\",\"@id\":\"https:\\\/\\\/www.nsintermarket.com\\\/resources-hub\\\/video-gallery\\\/#primaryimage\",\"url\":\"https:\\\/\\\/www.nsintermarket.com\\\/wp-content\\\/uploads\\\/14-1.webp\",\"contentUrl\":\"https:\\\/\\\/www.nsintermarket.com\\\/wp-content\\\/uploads\\\/14-1.webp\",\"width\":1920,\"height\":1080},{\"@type\":\"BreadcrumbList\",\"@id\":\"https:\\\/\\\/www.nsintermarket.com\\\/resources-hub\\\/video-gallery\\\/#breadcrumb\",\"itemListElement\":[{\"@type\":\"ListItem\",\"position\":1,\"name\":\"Home\",\"item\":\"https:\\\/\\\/www.nsintermarket.com\\\/en\\\/\"},{\"@type\":\"ListItem\",\"position\":2,\"name\":\"Resources Hub\",\"item\":\"https:\\\/\\\/www.nsintermarket.com\\\/resources-hub\\\/\"},{\"@type\":\"ListItem\",\"position\":3,\"name\":\"Video Gallery\"}]},{\"@type\":\"WebSite\",\"@id\":\"https:\\\/\\\/www.nsintermarket.com\\\/#website\",\"url\":\"https:\\\/\\\/www.nsintermarket.com\\\/\",\"name\":\"NS InterMarket\",\"description\":\"Foodservice manufacturers rep agency for Latin America and the Caribbean\",\"publisher\":{\"@id\":\"https:\\\/\\\/www.nsintermarket.com\\\/#organization\"},\"potentialAction\":[{\"@type\":\"SearchAction\",\"target\":{\"@type\":\"EntryPoint\",\"urlTemplate\":\"https:\\\/\\\/www.nsintermarket.com\\\/?s={search_term_string}\"},\"query-input\":{\"@type\":\"PropertyValueSpecification\",\"valueRequired\":true,\"valueName\":\"search_term_string\"}}],\"inLanguage\":\"es\"},{\"@type\":\"Organization\",\"@id\":\"https:\\\/\\\/www.nsintermarket.com\\\/#organization\",\"name\":\"NS InterMarket\",\"url\":\"https:\\\/\\\/www.nsintermarket.com\\\/\",\"logo\":{\"@type\":\"ImageObject\",\"inLanguage\":\"es\",\"@id\":\"https:\\\/\\\/www.nsintermarket.com\\\/#\\\/schema\\\/logo\\\/image\\\/\",\"url\":\"https:\\\/\\\/www.nsintermarket.com\\\/wp-content\\\/uploads\\\/2023\\\/01\\\/NS-Intermarket-Logo-transparent-background-1.png\",\"contentUrl\":\"https:\\\/\\\/www.nsintermarket.com\\\/wp-content\\\/uploads\\\/2023\\\/01\\\/NS-Intermarket-Logo-transparent-background-1.png\",\"width\":2224,\"height\":1668,\"caption\":\"NS InterMarket\"},\"image\":{\"@id\":\"https:\\\/\\\/www.nsintermarket.com\\\/#\\\/schema\\\/logo\\\/image\\\/\"}}]}<\/script>\n<!-- \/ Yoast SEO Premium plugin. -->","yoast_head_json":{"title":"Video Gallery - NS InterMarket","description":"Watch product demos and educational videos from NS InterMarket's commercial kitchen equipment manufacturer partners.","robots":{"index":"index","follow":"follow","max-snippet":"max-snippet:-1","max-image-preview":"max-image-preview:large","max-video-preview":"max-video-preview:-1"},"canonical":"https:\/\/www.nsintermarket.com\/es\/resources-hub\/video-gallery\/","og_locale":"es_MX","og_type":"article","og_title":"Video Gallery","og_description":"Watch product demos and educational videos from NS InterMarket's commercial kitchen equipment manufacturer partners.","og_url":"https:\/\/www.nsintermarket.com\/es\/resources-hub\/video-gallery\/","og_site_name":"NS InterMarket","article_modified_time":"2026-04-03T06:11:51+00:00","og_image":[{"width":1920,"height":1080,"url":"https:\/\/www.nsintermarket.com\/wp-content\/uploads\/14-1.webp","type":"image\/png"}],"twitter_card":"summary_large_image","twitter_misc":{"Tiempo de lectura":"1 minuto"},"schema":{"@context":"https:\/\/schema.org","@graph":[{"@type":"WebPage","@id":"https:\/\/www.nsintermarket.com\/resources-hub\/video-gallery\/","url":"https:\/\/www.nsintermarket.com\/resources-hub\/video-gallery\/","name":"Video Gallery - NS InterMarket","isPartOf":{"@id":"https:\/\/www.nsintermarket.com\/#website"},"primaryImageOfPage":{"@id":"https:\/\/www.nsintermarket.com\/resources-hub\/video-gallery\/#primaryimage"},"image":{"@id":"https:\/\/www.nsintermarket.com\/resources-hub\/video-gallery\/#primaryimage"},"thumbnailUrl":"https:\/\/www.nsintermarket.com\/wp-content\/uploads\/14-1.webp","datePublished":"2026-02-16T09:20:45+00:00","dateModified":"2026-04-03T06:11:51+00:00","description":"Watch product demos and educational videos from NS InterMarket's commercial kitchen equipment manufacturer partners.","breadcrumb":{"@id":"https:\/\/www.nsintermarket.com\/resources-hub\/video-gallery\/#breadcrumb"},"inLanguage":"es","potentialAction":[{"@type":"ReadAction","target":["https:\/\/www.nsintermarket.com\/resources-hub\/video-gallery\/"]}]},{"@type":"ImageObject","inLanguage":"es","@id":"https:\/\/www.nsintermarket.com\/resources-hub\/video-gallery\/#primaryimage","url":"https:\/\/www.nsintermarket.com\/wp-content\/uploads\/14-1.webp","contentUrl":"https:\/\/www.nsintermarket.com\/wp-content\/uploads\/14-1.webp","width":1920,"height":1080},{"@type":"BreadcrumbList","@id":"https:\/\/www.nsintermarket.com\/resources-hub\/video-gallery\/#breadcrumb","itemListElement":[{"@type":"ListItem","position":1,"name":"Home","item":"https:\/\/www.nsintermarket.com\/en\/"},{"@type":"ListItem","position":2,"name":"Resources Hub","item":"https:\/\/www.nsintermarket.com\/resources-hub\/"},{"@type":"ListItem","position":3,"name":"Video Gallery"}]},{"@type":"WebSite","@id":"https:\/\/www.nsintermarket.com\/#website","url":"https:\/\/www.nsintermarket.com\/","name":"NS InterMarket","description":"Foodservice manufacturers rep agency for Latin America and the Caribbean","publisher":{"@id":"https:\/\/www.nsintermarket.com\/#organization"},"potentialAction":[{"@type":"SearchAction","target":{"@type":"EntryPoint","urlTemplate":"https:\/\/www.nsintermarket.com\/?s={search_term_string}"},"query-input":{"@type":"PropertyValueSpecification","valueRequired":true,"valueName":"search_term_string"}}],"inLanguage":"es"},{"@type":"Organization","@id":"https:\/\/www.nsintermarket.com\/#organization","name":"NS InterMarket","url":"https:\/\/www.nsintermarket.com\/","logo":{"@type":"ImageObject","inLanguage":"es","@id":"https:\/\/www.nsintermarket.com\/#\/schema\/logo\/image\/","url":"https:\/\/www.nsintermarket.com\/wp-content\/uploads\/2023\/01\/NS-Intermarket-Logo-transparent-background-1.png","contentUrl":"https:\/\/www.nsintermarket.com\/wp-content\/uploads\/2023\/01\/NS-Intermarket-Logo-transparent-background-1.png","width":2224,"height":1668,"caption":"NS InterMarket"},"image":{"@id":"https:\/\/www.nsintermarket.com\/#\/schema\/logo\/image\/"}}]}},"_links":{"self":[{"href":"https:\/\/www.nsintermarket.com\/es\/wp-json\/wp\/v2\/pages\/803039","targetHints":{"allow":["GET"]}}],"collection":[{"href":"https:\/\/www.nsintermarket.com\/es\/wp-json\/wp\/v2\/pages"}],"about":[{"href":"https:\/\/www.nsintermarket.com\/es\/wp-json\/wp\/v2\/types\/page"}],"author":[{"embeddable":true,"href":"https:\/\/www.nsintermarket.com\/es\/wp-json\/wp\/v2\/users\/1"}],"replies":[{"embeddable":true,"href":"https:\/\/www.nsintermarket.com\/es\/wp-json\/wp\/v2\/comments?post=803039"}],"version-history":[{"count":4,"href":"https:\/\/www.nsintermarket.com\/es\/wp-json\/wp\/v2\/pages\/803039\/revisions"}],"predecessor-version":[{"id":803617,"href":"https:\/\/www.nsintermarket.com\/es\/wp-json\/wp\/v2\/pages\/803039\/revisions\/803617"}],"up":[{"embeddable":true,"href":"https:\/\/www.nsintermarket.com\/es\/wp-json\/wp\/v2\/pages\/100534"}],"wp:featuredmedia":[{"embeddable":true,"href":"https:\/\/www.nsintermarket.com\/es\/wp-json\/wp\/v2\/media\/803483"}],"wp:attachment":[{"href":"https:\/\/www.nsintermarket.com\/es\/wp-json\/wp\/v2\/media?parent=803039"}],"curies":[{"name":"wp","href":"https:\/\/api.w.org\/{rel}","templated":true}]}}